{"id":168,"date":"2020-10-06T16:49:56","date_gmt":"2020-10-06T14:49:56","guid":{"rendered":"http:\/\/www.globalcarconnection.de\/?page_id=168"},"modified":"2020-10-06T18:11:55","modified_gmt":"2020-10-06T16:11:55","slug":"impressum","status":"publish","type":"page","link":"https:\/\/www.globalcarconnection.de\/?page_id=168","title":{"rendered":"Impressum"},"content":{"rendered":"\n<p>Inhaltlich Verantwortlicher gem\u00e4\u00df \u00a7 55 Absatz 2 RStV:<br><\/p>\n\n\n\n<p><strong>Florian Heitmeier<br><\/strong><br>Global Car Connection GmbH<br>Karwendelweg 18<br>85375 Neufahrn<br>Germany<\/p>\n\n\n\n<p>Telefon \u00a0+49 (0) 8165 \/ 9904990<br>Mail \u00a0 \u00a0 \u00a0 \u00a0 <a href=\"mailto:florian.heitmeier@globalcarconnection.de\">florian.heitmeier@globalcarconnection.de<\/a><\/p>\n\n\n\n<p>Haftungshinweis:<br>Trotz sorgf\u00e4ltiger inhaltlicher Kontrolle \u00fcbernehmen wir keine Haftung f\u00fcr die Inhalte externer Links. F\u00fcr den Inhalt der verlinkten Seiten sind ausschlie\u00dflich deren Betreiber verantwortlich.<\/p>\n","protected":false},"excerpt":{"rendered":"<p>Inhaltlich Verantwortlicher gem\u00e4\u00df \u00a7 55 Absatz 2 RStV: Florian HeitmeierGlobal Car Connection GmbHKarwendelweg 1885375 NeufahrnGermany Telefon \u00a0+49 (0) 8165 \/ 9904990Mail \u00a0 \u00a0 \u00a0 \u00a0 florian.heitmeier@globalcarconnection.de Haftungshinweis:Trotz sorgf\u00e4ltiger inhaltlicher Kontrolle \u00fcbernehmen wir keine Haftung f\u00fcr die Inhalte externer Links. F\u00fcr den Inhalt der verlinkten Seiten sind ausschlie\u00dflich deren Betreiber verantwortlich.<\/p>\n","protected":false},"author":1,"featured_media":0,"parent":0,"menu_order":0,"comment_status":"closed","ping_status":"closed","template":"","meta":{"footnotes":""},"class_list":["post-168","page","type-page","status-publish","hentry"],"_links":{"self":[{"href":"https:\/\/www.globalcarconnection.de\/index.php?rest_route=\/wp\/v2\/pages\/168","targetHints":{"allow":["GET"]}}],"collection":[{"href":"https:\/\/www.globalcarconnection.de\/index.php?rest_route=\/wp\/v2\/pages"}],"about":[{"href":"https:\/\/www.globalcarconnection.de\/index.php?rest_route=\/wp\/v2\/types\/page"}],"author":[{"embeddable":true,"href":"https:\/\/www.globalcarconnection.de\/index.php?rest_route=\/wp\/v2\/users\/1"}],"replies":[{"embeddable":true,"href":"https:\/\/www.globalcarconnection.de\/index.php?rest_route=%2Fwp%2Fv2%2Fcomments&post=168"}],"version-history":[{"count":4,"href":"https:\/\/www.globalcarconnection.de\/index.php?rest_route=\/wp\/v2\/pages\/168\/revisions"}],"predecessor-version":[{"id":208,"href":"https:\/\/www.globalcarconnection.de\/index.php?rest_route=\/wp\/v2\/pages\/168\/revisions\/208"}],"wp:attachment":[{"href":"https:\/\/www.globalcarconnection.de\/index.php?rest_route=%2Fwp%2Fv2%2Fmedia&parent=168"}],"curies":[{"name":"wp","href":"https:\/\/api.w.org\/{rel}","templated":true}]}}